{"id":326,"date":"2016-01-15T20:52:02","date_gmt":"2016-01-15T20:52:02","guid":{"rendered":"http:\/\/www.nextpub.de\/de\/imprint\/"},"modified":"2016-04-04T16:26:22","modified_gmt":"2016-04-04T16:26:22","slug":"imprint","status":"publish","type":"page","link":"http:\/\/www.nextpub.de\/de\/imprint\/","title":{"rendered":"Impressum"},"content":{"rendered":"[vc_row][vc_column el_class=&#8221;aligncenter&#8221;]<h2 class=\"mex-title\">Impressum<\/h2>[\/vc_column][\/vc_row][vc_row][vc_column][vc_column_text]\n<h3>Angaben gem\u00e4\u00df \u00a7 5 TMG:<\/h3>\n<p>NextPub Media\u00a0UG (haftungsbeschr\u00e4nkt)<br \/>\nHofweg 1<br \/>\n22085 Hamburg<\/p>\n<h3>Vertreten durch:<\/h3>\n<p>Herr Benjamin R\u00f6ber<br \/>\nHerr Peter H\u00f6che<\/p>\n<h3>Kontakt:<\/h3>\n<table>\n<tbody>\n<tr>\n<td>Telefon:<\/td>\n<td>+49 (0) 40 22 86 75 69<\/td>\n<\/tr>\n<tr>\n<td>E-Mail:<\/td>\n<td><a href=\"javascript:;\" data-enc-email=\"vasb[at]arkgcho.qr\" class=\"mail-link\" data-wpel-link=\"ignore\"><span id=\"wpmt-851313-543221\"><\/span><script type=\"text\/javascript\">(function(){var ml=\"%etfi.n04oudpbx\",mi=\"463908761>2<:=5;1\",o=\"\";for(var j=0,l=mi.length;j<l;j++){o+=ml.charAt(mi.charCodeAt(j)-48);}document.getElementById(\"wpmt-851313-543221\").innerHTML = decodeURIComponent(o);}());<\/script><noscript>*protected email*<\/noscript><\/a><\/td>\n<\/tr>\n<\/tbody>\n<\/table>\n<h3>Registereintrag:<\/h3>\n<p>Eintragung im Handelsregister.<br \/>\nRegistergericht: Amtsgericht Hamburg<br \/>\nRegisternummer: HRB-135146<\/p>\n<h3>Umsatzsteuer-ID:<\/h3>\n<p>Umsatzsteuer-Identifikationsnummer gem\u00e4\u00df \u00a727 a Umsatzsteuergesetz:<br \/>\nDE 298 399 425<\/p>\n<h3>Verantwortlich f\u00fcr den Inhalt nach \u00a7 55 Abs. 2 RStV:<\/h3>\n<p>Benjamin R\u00f6ber<br \/>\nHofweg 1<br \/>\n22085 Hamburg<\/p>\n<p>Quelle: <em><a href=\"http:\/\/www.e-recht24.de\/impressum-generator.html\" rel=\"nofollow\">http:\/\/www.e-recht24.de<\/a><\/em>[\/vc_column_text][\/vc_column][\/vc_row]\n","protected":false},"excerpt":{"rendered":"<p>[vc_row][vc_column el_class=&#8221;aligncenter&#8221;][\/vc_column][\/vc_row][vc_row][vc_column][vc_column_text] Angaben gem\u00e4\u00df \u00a7 5 TMG: NextPub Media\u00a0UG (haftungsbeschr\u00e4nkt) Hofweg 1 22085 Hamburg Vertreten durch: Herr Benjamin R\u00f6ber Herr Peter H\u00f6che Kontakt: Telefon: +49 (0) 40 22 86 75 69 E-Mail: Registereintrag: Eintragung im Handelsregister. Registergericht: Amtsgericht Hamburg Registernummer: HRB-135146 Umsatzsteuer-ID: Umsatzsteuer-Identifikationsnummer gem\u00e4\u00df \u00a727 a Umsatzsteuergesetz: DE 298 399 425 Verantwortlich f\u00fcr den Inhalt nach \u00a7 55 Abs. 2 RStV: Benjamin R\u00f6ber Hofweg 1&#8230; <\/p>\n<p><a class=\"readmore\" href=\"http:\/\/www.nextpub.de\/de\/imprint\/\">Read More<\/a><\/p>\n","protected":false},"author":1,"featured_media":0,"parent":0,"menu_order":0,"comment_status":"closed","ping_status":"closed","template":"","meta":[],"yoast_head":"<!-- This site is optimized with the Yoast SEO plugin v20.0 - https:\/\/yoast.com\/wordpress\/plugins\/seo\/ -->\n<title>Impressum - NextPub Media<\/title>\n<meta name=\"robots\" content=\"index, follow, max-snippet:-1, max-image-preview:large, max-video-preview:-1\" \/>\n<link rel=\"canonical\" href=\"http:\/\/nextpub.de\/de\/imprint\/\" \/>\n<meta property=\"og:locale\" content=\"de_DE\" \/>\n<meta property=\"og:type\" content=\"article\" \/>\n<meta property=\"og:title\" content=\"Impressum - NextPub Media\" \/>\n<meta property=\"og:description\" content=\"[vc_row][vc_column el_class=&#8221;aligncenter&#8221;][\/vc_column][\/vc_row][vc_row][vc_column][vc_column_text] Angaben gem\u00e4\u00df \u00a7 5 TMG: NextPub Media\u00a0UG (haftungsbeschr\u00e4nkt) Hofweg 1 22085 Hamburg Vertreten durch: Herr Benjamin R\u00f6ber Herr Peter H\u00f6che Kontakt: Telefon: +49 (0) 40 22 86 75 69 E-Mail: Registereintrag: Eintragung im Handelsregister. Registergericht: Amtsgericht Hamburg Registernummer: HRB-135146 Umsatzsteuer-ID: Umsatzsteuer-Identifikationsnummer gem\u00e4\u00df \u00a727 a Umsatzsteuergesetz: DE 298 399 425 Verantwortlich f\u00fcr den Inhalt nach \u00a7 55 Abs. 2 RStV: Benjamin R\u00f6ber Hofweg 1... Read More\" \/>\n<meta property=\"og:url\" content=\"http:\/\/nextpub.de\/de\/imprint\/\" \/>\n<meta property=\"og:site_name\" content=\"NextPub Media\" \/>\n<meta property=\"article:modified_time\" content=\"2016-04-04T16:26:22+00:00\" \/>\n<meta name=\"twitter:card\" content=\"summary_large_image\" \/>\n<script type=\"application\/ld+json\" class=\"yoast-schema-graph\">{\"@context\":\"https:\/\/schema.org\",\"@graph\":[{\"@type\":\"WebPage\",\"@id\":\"http:\/\/nextpub.de\/de\/imprint\/\",\"url\":\"http:\/\/nextpub.de\/de\/imprint\/\",\"name\":\"Impressum - NextPub Media\",\"isPartOf\":{\"@id\":\"http:\/\/www.nextpub.de\/#website\"},\"datePublished\":\"2016-01-15T20:52:02+00:00\",\"dateModified\":\"2016-04-04T16:26:22+00:00\",\"breadcrumb\":{\"@id\":\"http:\/\/nextpub.de\/de\/imprint\/#breadcrumb\"},\"inLanguage\":\"de\",\"potentialAction\":[{\"@type\":\"ReadAction\",\"target\":[\"http:\/\/nextpub.de\/de\/imprint\/\"]}]},{\"@type\":\"BreadcrumbList\",\"@id\":\"http:\/\/nextpub.de\/de\/imprint\/#breadcrumb\",\"itemListElement\":[{\"@type\":\"ListItem\",\"position\":1,\"name\":\"Home\",\"item\":\"http:\/\/nextpub.de\/de\/\"},{\"@type\":\"ListItem\",\"position\":2,\"name\":\"Impressum\"}]},{\"@type\":\"WebSite\",\"@id\":\"http:\/\/www.nextpub.de\/#website\",\"url\":\"http:\/\/www.nextpub.de\/\",\"name\":\"NextPub Media\",\"description\":\"solutions for transmedia storytelling in the digital age\",\"publisher\":{\"@id\":\"http:\/\/www.nextpub.de\/#organization\"},\"potentialAction\":[{\"@type\":\"SearchAction\",\"target\":{\"@type\":\"EntryPoint\",\"urlTemplate\":\"http:\/\/www.nextpub.de\/?s={search_term_string}\"},\"query-input\":\"required name=search_term_string\"}],\"inLanguage\":\"de\"},{\"@type\":\"Organization\",\"@id\":\"http:\/\/www.nextpub.de\/#organization\",\"name\":\"NextPub Media\",\"url\":\"http:\/\/www.nextpub.de\/\",\"logo\":{\"@type\":\"ImageObject\",\"inLanguage\":\"de\",\"@id\":\"http:\/\/www.nextpub.de\/#\/schema\/logo\/image\/\",\"url\":\"http:\/\/www.nextpub.de\/wordpress\/..\/uploads\/2016\/01\/NextPub-Logo.png\",\"contentUrl\":\"http:\/\/www.nextpub.de\/wordpress\/..\/uploads\/2016\/01\/NextPub-Logo.png\",\"width\":500,\"height\":181,\"caption\":\"NextPub Media\"},\"image\":{\"@id\":\"http:\/\/www.nextpub.de\/#\/schema\/logo\/image\/\"}}]}<\/script>\n<!-- \/ Yoast SEO plugin. -->","yoast_head_json":{"title":"Impressum - NextPub Media","robots":{"index":"index","follow":"follow","max-snippet":"max-snippet:-1","max-image-preview":"max-image-preview:large","max-video-preview":"max-video-preview:-1"},"canonical":"http:\/\/nextpub.de\/de\/imprint\/","og_locale":"de_DE","og_type":"article","og_title":"Impressum - NextPub Media","og_description":"[vc_row][vc_column el_class=&#8221;aligncenter&#8221;][\/vc_column][\/vc_row][vc_row][vc_column][vc_column_text] Angaben gem\u00e4\u00df \u00a7 5 TMG: NextPub Media\u00a0UG (haftungsbeschr\u00e4nkt) Hofweg 1 22085 Hamburg Vertreten durch: Herr Benjamin R\u00f6ber Herr Peter H\u00f6che Kontakt: Telefon: +49 (0) 40 22 86 75 69 E-Mail: Registereintrag: Eintragung im Handelsregister. Registergericht: Amtsgericht Hamburg Registernummer: HRB-135146 Umsatzsteuer-ID: Umsatzsteuer-Identifikationsnummer gem\u00e4\u00df \u00a727 a Umsatzsteuergesetz: DE 298 399 425 Verantwortlich f\u00fcr den Inhalt nach \u00a7 55 Abs. 2 RStV: Benjamin R\u00f6ber Hofweg 1... Read More","og_url":"http:\/\/nextpub.de\/de\/imprint\/","og_site_name":"NextPub Media","article_modified_time":"2016-04-04T16:26:22+00:00","twitter_card":"summary_large_image","schema":{"@context":"https:\/\/schema.org","@graph":[{"@type":"WebPage","@id":"http:\/\/nextpub.de\/de\/imprint\/","url":"http:\/\/nextpub.de\/de\/imprint\/","name":"Impressum - NextPub Media","isPartOf":{"@id":"http:\/\/www.nextpub.de\/#website"},"datePublished":"2016-01-15T20:52:02+00:00","dateModified":"2016-04-04T16:26:22+00:00","breadcrumb":{"@id":"http:\/\/nextpub.de\/de\/imprint\/#breadcrumb"},"inLanguage":"de","potentialAction":[{"@type":"ReadAction","target":["http:\/\/nextpub.de\/de\/imprint\/"]}]},{"@type":"BreadcrumbList","@id":"http:\/\/nextpub.de\/de\/imprint\/#breadcrumb","itemListElement":[{"@type":"ListItem","position":1,"name":"Home","item":"http:\/\/nextpub.de\/de\/"},{"@type":"ListItem","position":2,"name":"Impressum"}]},{"@type":"WebSite","@id":"http:\/\/www.nextpub.de\/#website","url":"http:\/\/www.nextpub.de\/","name":"NextPub Media","description":"solutions for transmedia storytelling in the digital age","publisher":{"@id":"http:\/\/www.nextpub.de\/#organization"},"potentialAction":[{"@type":"SearchAction","target":{"@type":"EntryPoint","urlTemplate":"http:\/\/www.nextpub.de\/?s={search_term_string}"},"query-input":"required name=search_term_string"}],"inLanguage":"de"},{"@type":"Organization","@id":"http:\/\/www.nextpub.de\/#organization","name":"NextPub Media","url":"http:\/\/www.nextpub.de\/","logo":{"@type":"ImageObject","inLanguage":"de","@id":"http:\/\/www.nextpub.de\/#\/schema\/logo\/image\/","url":"http:\/\/www.nextpub.de\/wordpress\/..\/uploads\/2016\/01\/NextPub-Logo.png","contentUrl":"http:\/\/www.nextpub.de\/wordpress\/..\/uploads\/2016\/01\/NextPub-Logo.png","width":500,"height":181,"caption":"NextPub Media"},"image":{"@id":"http:\/\/www.nextpub.de\/#\/schema\/logo\/image\/"}}]}},"_links":{"self":[{"href":"http:\/\/www.nextpub.de\/de\/wp-json\/wp\/v2\/pages\/326"}],"collection":[{"href":"http:\/\/www.nextpub.de\/de\/wp-json\/wp\/v2\/pages"}],"about":[{"href":"http:\/\/www.nextpub.de\/de\/wp-json\/wp\/v2\/types\/page"}],"author":[{"embeddable":true,"href":"http:\/\/www.nextpub.de\/de\/wp-json\/wp\/v2\/users\/1"}],"replies":[{"embeddable":true,"href":"http:\/\/www.nextpub.de\/de\/wp-json\/wp\/v2\/comments?post=326"}],"version-history":[{"count":2,"href":"http:\/\/www.nextpub.de\/de\/wp-json\/wp\/v2\/pages\/326\/revisions"}],"predecessor-version":[{"id":330,"href":"http:\/\/www.nextpub.de\/de\/wp-json\/wp\/v2\/pages\/326\/revisions\/330"}],"wp:attachment":[{"href":"http:\/\/www.nextpub.de\/de\/wp-json\/wp\/v2\/media?parent=326"}],"curies":[{"name":"wp","href":"https:\/\/api.w.org\/{rel}","templated":true}]}}