{"id":339,"date":"2016-04-04T17:23:16","date_gmt":"2016-04-04T17:23:16","guid":{"rendered":"http:\/\/www.nextpub.de\/de\/?page_id=339"},"modified":"2016-04-08T14:29:13","modified_gmt":"2016-04-08T14:29:13","slug":"company","status":"publish","type":"page","link":"http:\/\/www.nextpub.de\/de\/company\/","title":{"rendered":"Unternehmen"},"content":{"rendered":"[vc_row][vc_column el_class=&#8221;aligncenter&#8221;]<blockquote class=\"max-quote\"><h2>Es gab noch nie mehr M\u00f6glichkeiten Geschichten medial zu erz\u00e4hlen und Produkte zu vermarkten!<\/h2>[vc_column_text]NextPub Media wurde im Jahr 2015 gegr\u00fcndet und realisiert intelligente\u00a0Produkte f\u00fcr eine transmediale Welt.\u00a0Unsere Angebote kombinieren aktuelle Technologien, kreative Inhalte und zeitgem\u00e4\u00dfes Marketing. Wir\u00a0helfen als Partner Kunden dabei, die richtigen L\u00f6sungen f\u00fcr ihr Marketing und ihre Kommunikation in einer sich rasant ver\u00e4ndernden medialen Welt zu finden.[\/vc_column_text][\/vc_column][\/vc_row][vc_row][vc_column el_class=&#8221;aligncenter&#8221;]<h2 class=\"mex-title\">Aktuelle Beispiele unserer Arbeit<\/h2><section class=\"latest-works col4-w with-space-w\">\n    <hr class=\"vertical-space1\">\n    <div class=\"icon-top-title aligncenter\">\n        <nav class=\"primary clearfix\">\n            <div class=\"portfolioFilters\">\n                <a href=\"#\" class=\"selected\" data-filter=\"*\">alle<\/a>\n                <a href=\"#\" class=\"\" data-filter=\".productions\">Productions<\/a><a href=\"#\" class=\"\" data-filter=\".tangibles\">Tangibles<\/a><a href=\"#\" class=\"\" data-filter=\".platforms\">Platforms<\/a>\n            <\/div>\n        <\/nav>\n\n\n    <\/div>\n    <hr class=\"vertical-space2\">\n    <div class=\"portfolio container\">\n                    <figure class=\"portfolio-item  productions  \">\n                <div class=\"img-item\"><img src=\"http:\/\/www.nextpub.de\/wordpress\/..\/uploads\/2016\/01\/featured-image-huntisland.jpg\" alt=\"Hunt Island\" class=\"thumbnail portfolio_thumb \" \/>                    <a href=\"http:\/\/www.nextpub.de\/de\/portfolio-items\/hunt-island\/\" class=\"recent-works-item-link\">\n                    <div class=\"zoomex2\"><h6>Hunt Island<br><small><\/small><\/h6>\n                        <a href=\"http:\/\/www.nextpub.de\/de\/portfolio-items\/hunt-island\/\" class=\"zoomlink2 recent-works-item-link\" ><i class=\"fa-arrow-right\"><\/i><\/a>\n                    <\/div>\n                    <\/a>\n                <\/div>\n            <\/figure>\n                        <figure class=\"portfolio-item  productions  \">\n                <div class=\"img-item\"><img src=\"http:\/\/www.nextpub.de\/wordpress\/..\/uploads\/2016\/01\/featured-image-oiz.jpg\" alt=\"diTale OIZ\" class=\"thumbnail portfolio_thumb \" \/>                    <a href=\"http:\/\/www.nextpub.de\/de\/portfolio-items\/ditale-oiz\/\" class=\"recent-works-item-link\">\n                    <div class=\"zoomex2\"><h6>diTale OIZ<br><small><\/small><\/h6>\n                        <a href=\"http:\/\/www.nextpub.de\/de\/portfolio-items\/ditale-oiz\/\" class=\"zoomlink2 recent-works-item-link\" ><i class=\"fa-arrow-right\"><\/i><\/a>\n                    <\/div>\n                    <\/a>\n                <\/div>\n            <\/figure>\n                        <figure class=\"portfolio-item  productions  \">\n                <div class=\"img-item\"><img src=\"http:\/\/www.nextpub.de\/wordpress\/..\/uploads\/2016\/01\/featured-image-ditale-usa.jpg\" alt=\"diTale USA\" class=\"thumbnail portfolio_thumb \" \/>                    <a href=\"http:\/\/www.nextpub.de\/de\/portfolio-items\/ditale-usa\/\" class=\"recent-works-item-link\">\n                    <div class=\"zoomex2\"><h6>diTale USA<br><small><\/small><\/h6>\n                        <a href=\"http:\/\/www.nextpub.de\/de\/portfolio-items\/ditale-usa\/\" class=\"zoomlink2 recent-works-item-link\" ><i class=\"fa-arrow-right\"><\/i><\/a>\n                    <\/div>\n                    <\/a>\n                <\/div>\n            <\/figure>\n                        <figure class=\"portfolio-item  tangibles  \">\n                <div class=\"img-item\"><img src=\"http:\/\/www.nextpub.de\/wordpress\/..\/uploads\/2016\/01\/featured-image-destinationabc.jpg\" alt=\"Destination ABC\" class=\"thumbnail portfolio_thumb \" \/>                    <a href=\"http:\/\/www.nextpub.de\/de\/portfolio-items\/destination-abc\/\" class=\"recent-works-item-link\">\n                    <div class=\"zoomex2\"><h6>Destination ABC<br><small><\/small><\/h6>\n                        <a href=\"http:\/\/www.nextpub.de\/de\/portfolio-items\/destination-abc\/\" class=\"zoomlink2 recent-works-item-link\" ><i class=\"fa-arrow-right\"><\/i><\/a>\n                    <\/div>\n                    <\/a>\n                <\/div>\n            <\/figure>\n                        <figure class=\"portfolio-item  platforms  \">\n                <div class=\"img-item\"><img src=\"http:\/\/www.nextpub.de\/wordpress\/..\/uploads\/2016\/01\/featured-image-storyfloat.jpg\" alt=\"Storyfloat\" class=\"thumbnail portfolio_thumb \" \/>                    <a href=\"http:\/\/www.nextpub.de\/de\/portfolio-items\/storyfloat\/\" class=\"recent-works-item-link\">\n                    <div class=\"zoomex2\"><h6>Storyfloat<br><small><\/small><\/h6>\n                        <a href=\"http:\/\/www.nextpub.de\/de\/portfolio-items\/storyfloat\/\" class=\"zoomlink2 recent-works-item-link\" ><i class=\"fa-arrow-right\"><\/i><\/a>\n                    <\/div>\n                    <\/a>\n                <\/div>\n            <\/figure>\n                        <figure class=\"portfolio-item  productions  \">\n                <div class=\"img-item\"><img src=\"http:\/\/www.nextpub.de\/wordpress\/..\/uploads\/2016\/01\/featured-image-ditale-india.jpg\" alt=\"diTale Indien\" class=\"thumbnail portfolio_thumb \" \/>                    <a href=\"http:\/\/www.nextpub.de\/de\/portfolio-items\/ditale-india\/\" class=\"recent-works-item-link\">\n                    <div class=\"zoomex2\"><h6>diTale Indien<br><small><\/small><\/h6>\n                        <a href=\"http:\/\/www.nextpub.de\/de\/portfolio-items\/ditale-india\/\" class=\"zoomlink2 recent-works-item-link\" ><i class=\"fa-arrow-right\"><\/i><\/a>\n                    <\/div>\n                    <\/a>\n                <\/div>\n            <\/figure>\n                        <figure class=\"portfolio-item  productions  \">\n                <div class=\"img-item\"><img src=\"http:\/\/www.nextpub.de\/wordpress\/..\/uploads\/2016\/01\/featured-image-ditale-russia.jpg\" alt=\"diTale Russland\" class=\"thumbnail portfolio_thumb \" \/>                    <a href=\"http:\/\/www.nextpub.de\/de\/portfolio-items\/ditale-russia\/\" class=\"recent-works-item-link\">\n                    <div class=\"zoomex2\"><h6>diTale Russland<br><small><\/small><\/h6>\n                        <a href=\"http:\/\/www.nextpub.de\/de\/portfolio-items\/ditale-russia\/\" class=\"zoomlink2 recent-works-item-link\" ><i class=\"fa-arrow-right\"><\/i><\/a>\n                    <\/div>\n                    <\/a>\n                <\/div>\n            <\/figure>\n                    <!-- end-portfolio-item-->\n\n\n        <!-- end-portfolio-item-->\n    <\/div>\n    <\/section>[\/vc_column][\/vc_row]\n","protected":false},"excerpt":{"rendered":"<p>[vc_row][vc_column el_class=&#8221;aligncenter&#8221;][vc_column_text]NextPub Media wurde im Jahr 2015 gegr\u00fcndet und realisiert intelligente\u00a0Produkte f\u00fcr eine transmediale Welt.\u00a0Unsere Angebote kombinieren aktuelle Technologien, kreative Inhalte und zeitgem\u00e4\u00dfes Marketing. Wir\u00a0helfen als Partner Kunden dabei, die richtigen L\u00f6sungen f\u00fcr ihr Marketing und ihre Kommunikation in einer sich rasant ver\u00e4ndernden medialen Welt zu finden.[\/vc_column_text][\/vc_column][\/vc_row][vc_row][vc_column el_class=&#8221;aligncenter&#8221;][\/vc_column][\/vc_row]<\/p>\n","protected":false},"author":1,"featured_media":0,"parent":0,"menu_order":0,"comment_status":"closed","ping_status":"closed","template":"","meta":[],"yoast_head":"<!-- This site is optimized with the Yoast SEO plugin v20.0 - https:\/\/yoast.com\/wordpress\/plugins\/seo\/ -->\n<title>Unternehmen - NextPub Media<\/title>\n<meta name=\"robots\" content=\"index, follow, max-snippet:-1, max-image-preview:large, max-video-preview:-1\" \/>\n<link rel=\"canonical\" href=\"http:\/\/www.nextpub.de\/de\/company\/\" \/>\n<meta property=\"og:locale\" content=\"de_DE\" \/>\n<meta property=\"og:type\" content=\"article\" \/>\n<meta property=\"og:title\" content=\"Unternehmen - NextPub Media\" \/>\n<meta property=\"og:description\" content=\"[vc_row][vc_column el_class=&#8221;aligncenter&#8221;][vc_column_text]NextPub Media wurde im Jahr 2015 gegr\u00fcndet und realisiert intelligente\u00a0Produkte f\u00fcr eine transmediale Welt.\u00a0Unsere Angebote kombinieren aktuelle Technologien, kreative Inhalte und zeitgem\u00e4\u00dfes Marketing. Wir\u00a0helfen als Partner Kunden dabei, die richtigen L\u00f6sungen f\u00fcr ihr Marketing und ihre Kommunikation in einer sich rasant ver\u00e4ndernden medialen Welt zu finden.[\/vc_column_text][\/vc_column][\/vc_row][vc_row][vc_column el_class=&#8221;aligncenter&#8221;][\/vc_column][\/vc_row]\" \/>\n<meta property=\"og:url\" content=\"http:\/\/www.nextpub.de\/de\/company\/\" \/>\n<meta property=\"og:site_name\" content=\"NextPub Media\" \/>\n<meta property=\"article:modified_time\" content=\"2016-04-08T14:29:13+00:00\" \/>\n<meta name=\"twitter:card\" content=\"summary_large_image\" \/>\n<meta name=\"twitter:label1\" content=\"Gesch\u00e4tzte Lesezeit\" \/>\n\t<meta name=\"twitter:data1\" content=\"1\u00a0Minute\" \/>\n<script type=\"application\/ld+json\" class=\"yoast-schema-graph\">{\"@context\":\"https:\/\/schema.org\",\"@graph\":[{\"@type\":\"WebPage\",\"@id\":\"http:\/\/www.nextpub.de\/de\/company\/\",\"url\":\"http:\/\/www.nextpub.de\/de\/company\/\",\"name\":\"Unternehmen - NextPub Media\",\"isPartOf\":{\"@id\":\"http:\/\/www.nextpub.de\/#website\"},\"datePublished\":\"2016-04-04T17:23:16+00:00\",\"dateModified\":\"2016-04-08T14:29:13+00:00\",\"breadcrumb\":{\"@id\":\"http:\/\/www.nextpub.de\/de\/company\/#breadcrumb\"},\"inLanguage\":\"de\",\"potentialAction\":[{\"@type\":\"ReadAction\",\"target\":[\"http:\/\/www.nextpub.de\/de\/company\/\"]}]},{\"@type\":\"BreadcrumbList\",\"@id\":\"http:\/\/www.nextpub.de\/de\/company\/#breadcrumb\",\"itemListElement\":[{\"@type\":\"ListItem\",\"position\":1,\"name\":\"Home\",\"item\":\"http:\/\/nextpub.de\/de\/\"},{\"@type\":\"ListItem\",\"position\":2,\"name\":\"Unternehmen\"}]},{\"@type\":\"WebSite\",\"@id\":\"http:\/\/www.nextpub.de\/#website\",\"url\":\"http:\/\/www.nextpub.de\/\",\"name\":\"NextPub Media\",\"description\":\"solutions for transmedia storytelling in the digital age\",\"publisher\":{\"@id\":\"http:\/\/www.nextpub.de\/#organization\"},\"potentialAction\":[{\"@type\":\"SearchAction\",\"target\":{\"@type\":\"EntryPoint\",\"urlTemplate\":\"http:\/\/www.nextpub.de\/?s={search_term_string}\"},\"query-input\":\"required name=search_term_string\"}],\"inLanguage\":\"de\"},{\"@type\":\"Organization\",\"@id\":\"http:\/\/www.nextpub.de\/#organization\",\"name\":\"NextPub Media\",\"url\":\"http:\/\/www.nextpub.de\/\",\"logo\":{\"@type\":\"ImageObject\",\"inLanguage\":\"de\",\"@id\":\"http:\/\/www.nextpub.de\/#\/schema\/logo\/image\/\",\"url\":\"http:\/\/www.nextpub.de\/wordpress\/..\/uploads\/2016\/01\/NextPub-Logo.png\",\"contentUrl\":\"http:\/\/www.nextpub.de\/wordpress\/..\/uploads\/2016\/01\/NextPub-Logo.png\",\"width\":500,\"height\":181,\"caption\":\"NextPub Media\"},\"image\":{\"@id\":\"http:\/\/www.nextpub.de\/#\/schema\/logo\/image\/\"}}]}<\/script>\n<!-- \/ Yoast SEO plugin. -->","yoast_head_json":{"title":"Unternehmen - NextPub Media","robots":{"index":"index","follow":"follow","max-snippet":"max-snippet:-1","max-image-preview":"max-image-preview:large","max-video-preview":"max-video-preview:-1"},"canonical":"http:\/\/www.nextpub.de\/de\/company\/","og_locale":"de_DE","og_type":"article","og_title":"Unternehmen - NextPub Media","og_description":"[vc_row][vc_column el_class=&#8221;aligncenter&#8221;][vc_column_text]NextPub Media wurde im Jahr 2015 gegr\u00fcndet und realisiert intelligente\u00a0Produkte f\u00fcr eine transmediale Welt.\u00a0Unsere Angebote kombinieren aktuelle Technologien, kreative Inhalte und zeitgem\u00e4\u00dfes Marketing. Wir\u00a0helfen als Partner Kunden dabei, die richtigen L\u00f6sungen f\u00fcr ihr Marketing und ihre Kommunikation in einer sich rasant ver\u00e4ndernden medialen Welt zu finden.[\/vc_column_text][\/vc_column][\/vc_row][vc_row][vc_column el_class=&#8221;aligncenter&#8221;][\/vc_column][\/vc_row]","og_url":"http:\/\/www.nextpub.de\/de\/company\/","og_site_name":"NextPub Media","article_modified_time":"2016-04-08T14:29:13+00:00","twitter_card":"summary_large_image","twitter_misc":{"Gesch\u00e4tzte Lesezeit":"1\u00a0Minute"},"schema":{"@context":"https:\/\/schema.org","@graph":[{"@type":"WebPage","@id":"http:\/\/www.nextpub.de\/de\/company\/","url":"http:\/\/www.nextpub.de\/de\/company\/","name":"Unternehmen - NextPub Media","isPartOf":{"@id":"http:\/\/www.nextpub.de\/#website"},"datePublished":"2016-04-04T17:23:16+00:00","dateModified":"2016-04-08T14:29:13+00:00","breadcrumb":{"@id":"http:\/\/www.nextpub.de\/de\/company\/#breadcrumb"},"inLanguage":"de","potentialAction":[{"@type":"ReadAction","target":["http:\/\/www.nextpub.de\/de\/company\/"]}]},{"@type":"BreadcrumbList","@id":"http:\/\/www.nextpub.de\/de\/company\/#breadcrumb","itemListElement":[{"@type":"ListItem","position":1,"name":"Home","item":"http:\/\/nextpub.de\/de\/"},{"@type":"ListItem","position":2,"name":"Unternehmen"}]},{"@type":"WebSite","@id":"http:\/\/www.nextpub.de\/#website","url":"http:\/\/www.nextpub.de\/","name":"NextPub Media","description":"solutions for transmedia storytelling in the digital age","publisher":{"@id":"http:\/\/www.nextpub.de\/#organization"},"potentialAction":[{"@type":"SearchAction","target":{"@type":"EntryPoint","urlTemplate":"http:\/\/www.nextpub.de\/?s={search_term_string}"},"query-input":"required name=search_term_string"}],"inLanguage":"de"},{"@type":"Organization","@id":"http:\/\/www.nextpub.de\/#organization","name":"NextPub Media","url":"http:\/\/www.nextpub.de\/","logo":{"@type":"ImageObject","inLanguage":"de","@id":"http:\/\/www.nextpub.de\/#\/schema\/logo\/image\/","url":"http:\/\/www.nextpub.de\/wordpress\/..\/uploads\/2016\/01\/NextPub-Logo.png","contentUrl":"http:\/\/www.nextpub.de\/wordpress\/..\/uploads\/2016\/01\/NextPub-Logo.png","width":500,"height":181,"caption":"NextPub Media"},"image":{"@id":"http:\/\/www.nextpub.de\/#\/schema\/logo\/image\/"}}]}},"_links":{"self":[{"href":"http:\/\/www.nextpub.de\/de\/wp-json\/wp\/v2\/pages\/339"}],"collection":[{"href":"http:\/\/www.nextpub.de\/de\/wp-json\/wp\/v2\/pages"}],"about":[{"href":"http:\/\/www.nextpub.de\/de\/wp-json\/wp\/v2\/types\/page"}],"author":[{"embeddable":true,"href":"http:\/\/www.nextpub.de\/de\/wp-json\/wp\/v2\/users\/1"}],"replies":[{"embeddable":true,"href":"http:\/\/www.nextpub.de\/de\/wp-json\/wp\/v2\/comments?post=339"}],"version-history":[{"count":9,"href":"http:\/\/www.nextpub.de\/de\/wp-json\/wp\/v2\/pages\/339\/revisions"}],"predecessor-version":[{"id":414,"href":"http:\/\/www.nextpub.de\/de\/wp-json\/wp\/v2\/pages\/339\/revisions\/414"}],"wp:attachment":[{"href":"http:\/\/www.nextpub.de\/de\/wp-json\/wp\/v2\/media?parent=339"}],"curies":[{"name":"wp","href":"https:\/\/api.w.org\/{rel}","templated":true}]}}