{"id":358,"date":"2016-04-05T17:19:34","date_gmt":"2016-04-05T17:19:34","guid":{"rendered":"http:\/\/www.nextpub.de\/de\/?page_id=358"},"modified":"2016-04-08T11:10:50","modified_gmt":"2016-04-08T11:10:50","slug":"tangibles","status":"publish","type":"page","link":"http:\/\/www.nextpub.de\/de\/tangibles\/","title":{"rendered":"Tangibles"},"content":{"rendered":"[vc_row][vc_column][vc_single_image source=&#8221;external_link&#8221; external_img_size=&#8221;307&#215;91&#8243; alignment=&#8221;center&#8221; custom_src=&#8221;\/uploads\/2016\/01\/NextPub-Tangibles-Logo.png&#8221;]<hr><blockquote class=\"max-quote\"><h2>Moderne Kommunikation ist immer greifbar. Darum entwickeln und vermarkten wir physische Produkte und Tr\u00e4germedien.<\/h2><p class=\"\">Wir entwickeln physische Produkte im Rahmen von transmedialen Projekten. Diese sind entweder Teil des kanal\u00fcbegreifenden Marketings oder stehen als L\u00f6sung f\u00fcr sich.<\/p>[\/vc_column][\/vc_row][vc_row][vc_column]<section class=\"latest-works col4-w with-space-w\">\n    <div class=\"portfolio container\">\n                    <figure class=\"portfolio-item  tangibles  \">\n                <div class=\"img-item\"><img src=\"http:\/\/www.nextpub.de\/wordpress\/..\/uploads\/2016\/01\/featured-image-destinationabc.jpg\" alt=\"Destination ABC\" class=\"thumbnail portfolio_thumb \" \/>                    <a href=\"http:\/\/www.nextpub.de\/de\/portfolio-items\/destination-abc\/\" class=\"portfolio-item-link\">\n                    <div class=\"zoomex2\"><h6>Destination ABC<br><small><\/small><\/h6>\n                        <a href=\"http:\/\/www.nextpub.de\/de\/portfolio-items\/destination-abc\/\" class=\"zoomlink2 portfolio-item-link\" ><i class=\"fa-arrow-right\"><\/i><\/a>\n                    <\/div>\n                    <\/a>\n                <\/div>\n            <\/figure>\n                    <!-- end-portfolio-item-->\n\n\n        <!-- end-portfolio-item-->\n    <\/div>\n    <\/section>[\/vc_column][\/vc_row]\n","protected":false},"excerpt":{"rendered":"<p>[vc_row][vc_column][vc_single_image source=&#8221;external_link&#8221; external_img_size=&#8221;307&#215;91&#8243; alignment=&#8221;center&#8221; custom_src=&#8221;\/uploads\/2016\/01\/NextPub-Tangibles-Logo.png&#8221;][\/vc_column][\/vc_row][vc_row][vc_column][\/vc_column][\/vc_row]<\/p>\n","protected":false},"author":1,"featured_media":0,"parent":0,"menu_order":0,"comment_status":"closed","ping_status":"closed","template":"","meta":[],"yoast_head":"<!-- This site is optimized with the Yoast SEO plugin v20.0 - https:\/\/yoast.com\/wordpress\/plugins\/seo\/ -->\n<title>Tangibles - NextPub Media<\/title>\n<meta name=\"robots\" content=\"index, follow, max-snippet:-1, max-image-preview:large, max-video-preview:-1\" \/>\n<link rel=\"canonical\" href=\"http:\/\/www.nextpub.de\/de\/tangibles\/\" \/>\n<meta property=\"og:locale\" content=\"de_DE\" \/>\n<meta property=\"og:type\" content=\"article\" \/>\n<meta property=\"og:title\" content=\"Tangibles - NextPub Media\" \/>\n<meta property=\"og:description\" content=\"[vc_row][vc_column][vc_single_image source=&#8221;external_link&#8221; external_img_size=&#8221;307&#215;91&#8243; alignment=&#8221;center&#8221; custom_src=&#8221;\/uploads\/2016\/01\/NextPub-Tangibles-Logo.png&#8221;][\/vc_column][\/vc_row][vc_row][vc_column][\/vc_column][\/vc_row]\" \/>\n<meta property=\"og:url\" content=\"http:\/\/www.nextpub.de\/de\/tangibles\/\" \/>\n<meta property=\"og:site_name\" content=\"NextPub Media\" \/>\n<meta property=\"article:modified_time\" content=\"2016-04-08T11:10:50+00:00\" \/>\n<meta name=\"twitter:card\" content=\"summary_large_image\" \/>\n<script type=\"application\/ld+json\" class=\"yoast-schema-graph\">{\"@context\":\"https:\/\/schema.org\",\"@graph\":[{\"@type\":\"WebPage\",\"@id\":\"http:\/\/www.nextpub.de\/de\/tangibles\/\",\"url\":\"http:\/\/www.nextpub.de\/de\/tangibles\/\",\"name\":\"Tangibles - NextPub Media\",\"isPartOf\":{\"@id\":\"http:\/\/www.nextpub.de\/#website\"},\"datePublished\":\"2016-04-05T17:19:34+00:00\",\"dateModified\":\"2016-04-08T11:10:50+00:00\",\"breadcrumb\":{\"@id\":\"http:\/\/www.nextpub.de\/de\/tangibles\/#breadcrumb\"},\"inLanguage\":\"de\",\"potentialAction\":[{\"@type\":\"ReadAction\",\"target\":[\"http:\/\/www.nextpub.de\/de\/tangibles\/\"]}]},{\"@type\":\"BreadcrumbList\",\"@id\":\"http:\/\/www.nextpub.de\/de\/tangibles\/#breadcrumb\",\"itemListElement\":[{\"@type\":\"ListItem\",\"position\":1,\"name\":\"Home\",\"item\":\"http:\/\/nextpub.de\/de\/\"},{\"@type\":\"ListItem\",\"position\":2,\"name\":\"Tangibles\"}]},{\"@type\":\"WebSite\",\"@id\":\"http:\/\/www.nextpub.de\/#website\",\"url\":\"http:\/\/www.nextpub.de\/\",\"name\":\"NextPub Media\",\"description\":\"solutions for transmedia storytelling in the digital age\",\"publisher\":{\"@id\":\"http:\/\/www.nextpub.de\/#organization\"},\"potentialAction\":[{\"@type\":\"SearchAction\",\"target\":{\"@type\":\"EntryPoint\",\"urlTemplate\":\"http:\/\/www.nextpub.de\/?s={search_term_string}\"},\"query-input\":\"required name=search_term_string\"}],\"inLanguage\":\"de\"},{\"@type\":\"Organization\",\"@id\":\"http:\/\/www.nextpub.de\/#organization\",\"name\":\"NextPub Media\",\"url\":\"http:\/\/www.nextpub.de\/\",\"logo\":{\"@type\":\"ImageObject\",\"inLanguage\":\"de\",\"@id\":\"http:\/\/www.nextpub.de\/#\/schema\/logo\/image\/\",\"url\":\"http:\/\/www.nextpub.de\/wordpress\/..\/uploads\/2016\/01\/NextPub-Logo.png\",\"contentUrl\":\"http:\/\/www.nextpub.de\/wordpress\/..\/uploads\/2016\/01\/NextPub-Logo.png\",\"width\":500,\"height\":181,\"caption\":\"NextPub Media\"},\"image\":{\"@id\":\"http:\/\/www.nextpub.de\/#\/schema\/logo\/image\/\"}}]}<\/script>\n<!-- \/ Yoast SEO plugin. -->","yoast_head_json":{"title":"Tangibles - NextPub Media","robots":{"index":"index","follow":"follow","max-snippet":"max-snippet:-1","max-image-preview":"max-image-preview:large","max-video-preview":"max-video-preview:-1"},"canonical":"http:\/\/www.nextpub.de\/de\/tangibles\/","og_locale":"de_DE","og_type":"article","og_title":"Tangibles - NextPub Media","og_description":"[vc_row][vc_column][vc_single_image source=&#8221;external_link&#8221; external_img_size=&#8221;307&#215;91&#8243; alignment=&#8221;center&#8221; custom_src=&#8221;\/uploads\/2016\/01\/NextPub-Tangibles-Logo.png&#8221;][\/vc_column][\/vc_row][vc_row][vc_column][\/vc_column][\/vc_row]","og_url":"http:\/\/www.nextpub.de\/de\/tangibles\/","og_site_name":"NextPub Media","article_modified_time":"2016-04-08T11:10:50+00:00","twitter_card":"summary_large_image","schema":{"@context":"https:\/\/schema.org","@graph":[{"@type":"WebPage","@id":"http:\/\/www.nextpub.de\/de\/tangibles\/","url":"http:\/\/www.nextpub.de\/de\/tangibles\/","name":"Tangibles - NextPub Media","isPartOf":{"@id":"http:\/\/www.nextpub.de\/#website"},"datePublished":"2016-04-05T17:19:34+00:00","dateModified":"2016-04-08T11:10:50+00:00","breadcrumb":{"@id":"http:\/\/www.nextpub.de\/de\/tangibles\/#breadcrumb"},"inLanguage":"de","potentialAction":[{"@type":"ReadAction","target":["http:\/\/www.nextpub.de\/de\/tangibles\/"]}]},{"@type":"BreadcrumbList","@id":"http:\/\/www.nextpub.de\/de\/tangibles\/#breadcrumb","itemListElement":[{"@type":"ListItem","position":1,"name":"Home","item":"http:\/\/nextpub.de\/de\/"},{"@type":"ListItem","position":2,"name":"Tangibles"}]},{"@type":"WebSite","@id":"http:\/\/www.nextpub.de\/#website","url":"http:\/\/www.nextpub.de\/","name":"NextPub Media","description":"solutions for transmedia storytelling in the digital age","publisher":{"@id":"http:\/\/www.nextpub.de\/#organization"},"potentialAction":[{"@type":"SearchAction","target":{"@type":"EntryPoint","urlTemplate":"http:\/\/www.nextpub.de\/?s={search_term_string}"},"query-input":"required name=search_term_string"}],"inLanguage":"de"},{"@type":"Organization","@id":"http:\/\/www.nextpub.de\/#organization","name":"NextPub Media","url":"http:\/\/www.nextpub.de\/","logo":{"@type":"ImageObject","inLanguage":"de","@id":"http:\/\/www.nextpub.de\/#\/schema\/logo\/image\/","url":"http:\/\/www.nextpub.de\/wordpress\/..\/uploads\/2016\/01\/NextPub-Logo.png","contentUrl":"http:\/\/www.nextpub.de\/wordpress\/..\/uploads\/2016\/01\/NextPub-Logo.png","width":500,"height":181,"caption":"NextPub Media"},"image":{"@id":"http:\/\/www.nextpub.de\/#\/schema\/logo\/image\/"}}]}},"_links":{"self":[{"href":"http:\/\/www.nextpub.de\/de\/wp-json\/wp\/v2\/pages\/358"}],"collection":[{"href":"http:\/\/www.nextpub.de\/de\/wp-json\/wp\/v2\/pages"}],"about":[{"href":"http:\/\/www.nextpub.de\/de\/wp-json\/wp\/v2\/types\/page"}],"author":[{"embeddable":true,"href":"http:\/\/www.nextpub.de\/de\/wp-json\/wp\/v2\/users\/1"}],"replies":[{"embeddable":true,"href":"http:\/\/www.nextpub.de\/de\/wp-json\/wp\/v2\/comments?post=358"}],"version-history":[{"count":6,"href":"http:\/\/www.nextpub.de\/de\/wp-json\/wp\/v2\/pages\/358\/revisions"}],"predecessor-version":[{"id":408,"href":"http:\/\/www.nextpub.de\/de\/wp-json\/wp\/v2\/pages\/358\/revisions\/408"}],"wp:attachment":[{"href":"http:\/\/www.nextpub.de\/de\/wp-json\/wp\/v2\/media?parent=358"}],"curies":[{"name":"wp","href":"https:\/\/api.w.org\/{rel}","templated":true}]}}